{"id":1211,"date":"2024-03-18T15:55:51","date_gmt":"2024-03-18T14:55:51","guid":{"rendered":"https:\/\/cporee.art\/?page_id=1211"},"modified":"2024-03-18T15:55:51","modified_gmt":"2024-03-18T14:55:51","slug":"mentions-legales","status":"publish","type":"page","link":"https:\/\/cporee.art\/?page_id=1211","title":{"rendered":"Mentions l\u00e9gales"},"content":{"rendered":"\n<div style=\"height:100px\" aria-hidden=\"true\" class=\"wp-block-spacer\"><\/div>\n\n\n\n<h1 class=\"wp-block-heading\">Mentions L\u00e9gales<\/h1>\n\n\n\n<p>Le site\u00a0cporee.art\u00a0(ci-apr\u00e8s \u00ab\u00a0le Site\u00a0\u00bb), accessible \u00e0 l\u2019adresse\u00a0cporee.art est \u00e9dit\u00e9 par l\u2019entreprise Enixo (ci-apr\u00e8s \u00ab\u00a0l\u2019Editeur\u00a0\u00bb).\u00a0<\/p>\n\n\n\n<p>T\u00e9l\u00e9phone : 06 01 43 35 09<\/p>\n\n\n\n<p>Mail : contact@enixo.fr<\/p>\n\n\n\n<p>SIRET : 95236300000011<\/p>\n\n\n\n<p><strong>Directeur de la publication du site internet<\/strong><\/p>\n\n\n\n<p>Directeur de la publication :<\/p>\n\n\n\n<p>Mme Catherine Por\u00e9e<\/p>\n\n\n\n<p>Le site internet a \u00e9t\u00e9 r\u00e9alis\u00e9 par :<\/p>\n\n\n\n<p>Entreprise Enixo<\/p>\n\n\n\n<p><strong>H\u00e9bergement du site internet<\/strong><\/p>\n\n\n\n<p>Le site&nbsp;est h\u00e9berg\u00e9 par o2switch, SARL au capital de 100 000 euros, dont le si\u00e8ge social est situ\u00e9 222 et 224 Boulevard Gustave Flaubert 63000 Clermont-Ferrand, joignable par le moyen suivant : 0444446040<\/p>\n","protected":false},"excerpt":{"rendered":"<p>Mentions L\u00e9gales Le site\u00a0cporee.art\u00a0(ci-apr\u00e8s \u00ab\u00a0le Site\u00a0\u00bb), accessible \u00e0 l\u2019adresse\u00a0cporee.art est \u00e9dit\u00e9 par l\u2019entreprise Enixo (ci-apr\u00e8s \u00ab\u00a0l\u2019Editeur\u00a0\u00bb).\u00a0 T\u00e9l\u00e9phone : 06 01 43 35 09 Mail : contact@enixo.fr SIRET : 95236300000011 Directeur de la publication du site internet Directeur de la publication : Mme Catherine Por\u00e9e Le site internet a \u00e9t\u00e9 r\u00e9alis\u00e9 par : Entreprise Enixo H\u00e9bergement du site internet Le site&nbsp;est h\u00e9berg\u00e9 par o2switch, SARL au capital de 100 000 euros, dont le si\u00e8ge social est situ\u00e9 222 et 224 Boulevard Gustave Flaubert 63000 Clermont-Ferrand, joignable par le moyen suivant : 0444446040<\/p>\n","protected":false},"author":1,"featured_media":0,"parent":0,"menu_order":0,"comment_status":"closed","ping_status":"closed","template":"","meta":{"_uag_custom_page_level_css":"","site-sidebar-layout":"default","site-content-layout":"","ast-site-content-layout":"default","site-content-style":"default","site-sidebar-style":"default","ast-global-header-display":"","ast-banner-title-visibility":"","ast-main-header-display":"","ast-hfb-above-header-display":"","ast-hfb-below-header-display":"","ast-hfb-mobile-header-display":"","site-post-title":"disabled","ast-breadcrumbs-content":"","ast-featured-img":"","footer-sml-layout":"","ast-disable-related-posts":"","theme-transparent-header-meta":"","adv-header-id-meta":"","stick-header-meta":"","header-above-stick-meta":"","header-main-stick-meta":"","header-below-stick-meta":"","astra-migrate-meta-layouts":"default","ast-page-background-enabled":"default","ast-page-background-meta":{"desktop":{"background-color":"var(--ast-global-color-4)","background-image":"","background-repeat":"repeat","background-position":"center center","background-size":"auto","background-attachment":"scroll","background-type":"","background-media":"","overlay-type":"","overlay-color":"","overlay-opacity":"","overlay-gradient":""},"tablet":{"background-color":"","background-image":"","background-repeat":"repeat","background-position":"center center","background-size":"auto","background-attachment":"scroll","background-type":"","background-media":"","overlay-type":"","overlay-color":"","overlay-opacity":"","overlay-gradient":""},"mobile":{"background-color":"","background-image":"","background-repeat":"repeat","background-position":"center center","background-size":"auto","background-attachment":"scroll","background-type":"","background-media":"","overlay-type":"","overlay-color":"","overlay-opacity":"","overlay-gradient":""}},"ast-content-background-meta":{"desktop":{"background-color":"var(--ast-global-color-5)","background-image":"","background-repeat":"repeat","background-position":"center center","background-size":"auto","background-attachment":"scroll","background-type":"","background-media":"","overlay-type":"","overlay-color":"","overlay-opacity":"","overlay-gradient":""},"tablet":{"background-color":"var(--ast-global-color-5)","background-image":"","background-repeat":"repeat","background-position":"center center","background-size":"auto","background-attachment":"scroll","background-type":"","background-media":"","overlay-type":"","overlay-color":"","overlay-opacity":"","overlay-gradient":""},"mobile":{"background-color":"var(--ast-global-color-5)","background-image":"","background-repeat":"repeat","background-position":"center center","background-size":"auto","background-attachment":"scroll","background-type":"","background-media":"","overlay-type":"","overlay-color":"","overlay-opacity":"","overlay-gradient":""}},"footnotes":""},"class_list":["post-1211","page","type-page","status-publish","hentry"],"uagb_featured_image_src":{"full":false,"thumbnail":false,"medium":false,"medium_large":false,"large":false,"1536x1536":false,"2048x2048":false,"woocommerce_thumbnail":false,"woocommerce_single":false,"woocommerce_gallery_thumbnail":false},"uagb_author_info":{"display_name":"Catherine Por\u00e9e","author_link":"https:\/\/cporee.art\/?author=1"},"uagb_comment_info":0,"uagb_excerpt":"Mentions L\u00e9gales Le site\u00a0cporee.art\u00a0(ci-apr\u00e8s \u00ab\u00a0le Site\u00a0\u00bb), accessible \u00e0 l\u2019adresse\u00a0cporee.art est \u00e9dit\u00e9 par l\u2019entreprise Enixo (ci-apr\u00e8s \u00ab\u00a0l\u2019Editeur\u00a0\u00bb).\u00a0 T\u00e9l\u00e9phone : 06 01 43 35 09 Mail : contact@enixo.fr SIRET : 95236300000011 Directeur de la publication du site internet Directeur de la publication : Mme Catherine Por\u00e9e Le site internet a \u00e9t\u00e9 r\u00e9alis\u00e9 par : Entreprise Enixo H\u00e9bergement\u2026","_links":{"self":[{"href":"https:\/\/cporee.art\/index.php?rest_route=\/wp\/v2\/pages\/1211","targetHints":{"allow":["GET"]}}],"collection":[{"href":"https:\/\/cporee.art\/index.php?rest_route=\/wp\/v2\/pages"}],"about":[{"href":"https:\/\/cporee.art\/index.php?rest_route=\/wp\/v2\/types\/page"}],"author":[{"embeddable":true,"href":"https:\/\/cporee.art\/index.php?rest_route=\/wp\/v2\/users\/1"}],"replies":[{"embeddable":true,"href":"https:\/\/cporee.art\/index.php?rest_route=%2Fwp%2Fv2%2Fcomments&post=1211"}],"version-history":[{"count":1,"href":"https:\/\/cporee.art\/index.php?rest_route=\/wp\/v2\/pages\/1211\/revisions"}],"predecessor-version":[{"id":1212,"href":"https:\/\/cporee.art\/index.php?rest_route=\/wp\/v2\/pages\/1211\/revisions\/1212"}],"wp:attachment":[{"href":"https:\/\/cporee.art\/index.php?rest_route=%2Fwp%2Fv2%2Fmedia&parent=1211"}],"curies":[{"name":"wp","href":"https:\/\/api.w.org\/{rel}","templated":true}]}}