{"id":3,"date":"2019-07-10T21:27:28","date_gmt":"2019-07-10T19:27:28","guid":{"rendered":"http:\/\/cporee.art\/?page_id=3"},"modified":"2024-03-18T15:51:54","modified_gmt":"2024-03-18T14:51:54","slug":"politique-de-confidentialite","status":"publish","type":"page","link":"https:\/\/cporee.art\/?page_id=3","title":{"rendered":"Politique de confidentialit\u00e9"},"content":{"rendered":"\n<div style=\"height:100px\" aria-hidden=\"true\" class=\"wp-block-spacer\"><\/div>\n\n\n\n<h2 class=\"wp-block-heading\"><strong>Politique de confidentialit\u00e9<\/strong><\/h2>\n\n\n\n<p>La protection de vos donn\u00e9es personnelles est une priorit\u00e9 pour moi. Je m\u2019engage \u00e0 respecter votre vie priv\u00e9e et \u00e0 traiter vos informations personnelles de mani\u00e8re confidentielle et s\u00e9curis\u00e9e. Cette politique de confidentialit\u00e9 explique comment je collecte, utilise et prot\u00e8ge vos donn\u00e9es lorsque vous visitez mon site internet cporee.art g\u00e9r\u00e9 par l\u2019entreprise Enixo.<\/p>\n\n\n\n<h2 class=\"wp-block-heading\"><strong>Collecte des informations personnelles<\/strong><\/h2>\n\n\n\n<p>Je collecte certaines informations personnelles lorsque vous utilisez mon site internet. Les donn\u00e9es collect\u00e9es sont : le nom, le pr\u00e9nom, le num\u00e9ro de t\u00e9l\u00e9phone, l\u2019adresse mail et toute autre information que vous choisissez de me fournir via mon formulaire de contact.<\/p>\n\n\n\n<h2 class=\"wp-block-heading\"><strong>Utilisation des informations personnelles<\/strong><\/h2>\n\n\n\n<p>J\u2019utilise les informations personnelles que vous me fournissez uniquement dans le but de r\u00e9pondre \u00e0 vos demandes et de vous fournir les informations ou les services que vous avez sollicit\u00e9s. Elles ne sont ni transf\u00e9r\u00e9es, ni revendues. Celles-ci vous appartiennent et ne seront jamais utilis\u00e9es dans une d\u00e9marche de prospection commerciale sans votre accord pr\u00e9alable. Je ne partage donc pas vos informations avec des tiers sans votre consentement explicite, sauf si cela est n\u00e9cessaire pour r\u00e9pondre \u00e0 votre demande.<\/p>\n\n\n\n<h2 class=\"wp-block-heading\"><strong>Conservation des informations<\/strong><\/h2>\n\n\n\n<p>Je conserve vos informations personnelles aussi longtemps que n\u00e9cessaire pour atteindre les objectifs mentionn\u00e9s ci-dessus, sauf si la loi exige une p\u00e9riode de conservation plus longue. Je prends les mesures n\u00e9cessaires pour m\u2019assurer que vos informations personnelles sont prot\u00e9g\u00e9es contre tout acc\u00e8s non autoris\u00e9 ou utilisation abusive.<\/p>\n\n\n\n<h2 class=\"wp-block-heading\"><strong>Cookies et technologies similaires<\/strong><\/h2>\n\n\n\n<p>Mon site internet peut utiliser des cookies et d\u2019autres technologies similaires pour am\u00e9liorer votre exp\u00e9rience en ligne. Ces cookies peuvent collecter des informations telles que votre adresse IP, votre type de navigateur, votre fournisseur d\u2019acc\u00e8s Internet, les pages que vous visitez sur mon site, ainsi que la date et l\u2019heure de votre visite. Vous pouvez d\u00e9sactiver les cookies dans les param\u00e8tres de votre navigateur, mais cela peut limiter certaines fonctionnalit\u00e9s du site.<\/p>\n\n\n\n<h2 class=\"wp-block-heading\"><strong>Liens vers des sites tiers<\/strong><\/h2>\n\n\n\n<p>Mon site internet peut contenir des liens vers des sites web tiers. Je ne suis pas responsable de la collecte, de l\u2019utilisation ou de la divulgation de vos informations personnelles par ces sites. Je vous encourage \u00e0 lire les politiques de confidentialit\u00e9 de ces sites tiers avant de leur fournir vos informations personnelles.<\/p>\n\n\n\n<h2 class=\"wp-block-heading\"><strong>S\u00e9curit\u00e9 des donn\u00e9es<\/strong><\/h2>\n\n\n\n<p>Je prends les mesures de s\u00e9curit\u00e9 appropri\u00e9es pour prot\u00e9ger vos informations personnelles contre tout acc\u00e8s non autoris\u00e9, alt\u00e9ration, divulgation ou destruction. Cependant, veuillez noter qu\u2019aucune m\u00e9thode de transmission sur Internet ou de stockage \u00e9lectronique n\u2019est totalement s\u00e9curis\u00e9e.<\/p>\n\n\n\n<h2 class=\"wp-block-heading\"><strong>Vos droits<\/strong><\/h2>\n\n\n\n<p>Vous avez le droit d\u2019acc\u00e9der \u00e0 vos informations personnelles que je d\u00e9tiens et de demander leur correction, leur suppression ou leur restriction. Vous pouvez \u00e9galement vous opposer au traitement de vos informations personnelles ou demander leur transfert \u00e0 un tiers. Pour exercer ces droits, veuillez me contacter via les coordonn\u00e9es fournies \u00e0 la fin de cette politique.<\/p>\n\n\n\n<h2 class=\"wp-block-heading\"><strong>Modifications de la politique de confidentialit\u00e9<\/strong><\/h2>\n\n\n\n<p>Je me r\u00e9serve le droit de modifier cette politique de confidentialit\u00e9 \u00e0 tout moment. Toute modification sera publi\u00e9e sur cette page et entrera en vigueur imm\u00e9diatement. Je vous encourage \u00e0 consulter r\u00e9guli\u00e8rement cette politique pour rester inform\u00e9 de toute mise \u00e0 jour.<\/p>\n\n\n\n<h2 class=\"wp-block-heading\"><strong>Me contacter<\/strong><\/h2>\n\n\n\n<p>Si vous avez des questions, des pr\u00e9occupations ou des demandes concernant cette politique, n\u2019h\u00e9sitez pas \u00e0 me joindre par mail \u00e0 contact@cporee.art.<\/p>\n\n\n\n<p><\/p>\n","protected":false},"excerpt":{"rendered":"<p>Politique de confidentialit\u00e9 La protection de vos donn\u00e9es personnelles est une priorit\u00e9 pour moi. Je m\u2019engage \u00e0 respecter votre vie priv\u00e9e et \u00e0 traiter vos informations personnelles de mani\u00e8re confidentielle et s\u00e9curis\u00e9e. Cette politique de confidentialit\u00e9 explique comment je collecte, utilise et prot\u00e8ge vos donn\u00e9es lorsque vous visitez mon site internet cporee.art g\u00e9r\u00e9 par l\u2019entreprise Enixo. Collecte des informations personnelles Je collecte certaines informations personnelles lorsque vous utilisez mon site internet. Les donn\u00e9es collect\u00e9es sont : le nom, le pr\u00e9nom, le num\u00e9ro de t\u00e9l\u00e9phone, l\u2019adresse mail et toute autre information que vous choisissez de me fournir via mon formulaire de contact. Utilisation des informations personnelles J\u2019utilise les informations personnelles que vous me fournissez uniquement dans le but de r\u00e9pondre \u00e0 vos demandes et de vous fournir les informations ou les services que vous avez sollicit\u00e9s. Elles ne sont ni transf\u00e9r\u00e9es, ni revendues. Celles-ci vous appartiennent et ne seront jamais utilis\u00e9es dans une d\u00e9marche de prospection commerciale sans votre accord pr\u00e9alable. Je ne partage donc pas vos informations avec des tiers sans votre consentement explicite, sauf si cela est n\u00e9cessaire pour r\u00e9pondre \u00e0 votre demande. Conservation des informations Je conserve vos informations personnelles aussi longtemps que n\u00e9cessaire pour atteindre les objectifs mentionn\u00e9s ci-dessus, sauf si la loi exige une p\u00e9riode de conservation plus longue. Je prends les mesures n\u00e9cessaires pour m\u2019assurer que vos informations personnelles sont prot\u00e9g\u00e9es contre tout acc\u00e8s non autoris\u00e9 ou utilisation abusive. Cookies et technologies similaires Mon site internet peut utiliser des cookies et d\u2019autres technologies similaires pour am\u00e9liorer votre exp\u00e9rience en ligne. Ces cookies peuvent collecter des informations telles que votre adresse IP, votre type de navigateur, votre fournisseur d\u2019acc\u00e8s Internet, les pages que vous visitez sur mon site, ainsi que la date et l\u2019heure de votre visite. Vous pouvez d\u00e9sactiver les cookies dans les param\u00e8tres de votre navigateur, mais cela peut limiter certaines fonctionnalit\u00e9s du site. Liens vers des sites tiers Mon site internet peut contenir des liens vers des sites web tiers. Je ne suis pas responsable de la collecte, de l\u2019utilisation ou de la divulgation de vos informations personnelles par ces sites. Je vous encourage \u00e0 lire les politiques de confidentialit\u00e9 de ces sites tiers avant de leur fournir vos informations personnelles. S\u00e9curit\u00e9 des donn\u00e9es Je prends les mesures de s\u00e9curit\u00e9 appropri\u00e9es pour prot\u00e9ger vos informations personnelles contre tout acc\u00e8s non autoris\u00e9, alt\u00e9ration, divulgation ou destruction. Cependant, veuillez noter qu\u2019aucune m\u00e9thode de transmission sur Internet ou de stockage \u00e9lectronique n\u2019est totalement s\u00e9curis\u00e9e. Vos droits Vous avez le droit d\u2019acc\u00e9der \u00e0 vos informations personnelles que je d\u00e9tiens et de demander leur correction, leur suppression ou leur restriction. Vous pouvez \u00e9galement vous opposer au traitement de vos informations personnelles ou demander leur transfert \u00e0 un tiers. Pour exercer ces droits, veuillez me contacter via les coordonn\u00e9es fournies \u00e0 la fin de cette politique. Modifications de la politique de confidentialit\u00e9 Je me r\u00e9serve le droit de modifier cette politique de confidentialit\u00e9 \u00e0 tout moment. Toute modification sera publi\u00e9e sur cette page et entrera en vigueur imm\u00e9diatement. Je vous encourage \u00e0 consulter r\u00e9guli\u00e8rement cette politique pour rester inform\u00e9 de toute mise \u00e0 jour. Me contacter Si vous avez des questions, des pr\u00e9occupations ou des demandes concernant cette politique, n\u2019h\u00e9sitez pas \u00e0 me joindre par mail \u00e0 contact@cporee.art.<\/p>\n","protected":false},"author":1,"featured_media":0,"parent":0,"menu_order":0,"comment_status":"closed","ping_status":"open","template":"","meta":{"_uag_custom_page_level_css":"","site-sidebar-layout":"default","site-content-layout":"","ast-site-content-layout":"default","site-content-style":"default","site-sidebar-style":"default","ast-global-header-display":"","ast-banner-title-visibility":"","ast-main-header-display":"","ast-hfb-above-header-display":"","ast-hfb-below-header-display":"","ast-hfb-mobile-header-display":"","site-post-title":"disabled","ast-breadcrumbs-content":"","ast-featured-img":"","footer-sml-layout":"","ast-disable-related-posts":"","theme-transparent-header-meta":"","adv-header-id-meta":"","stick-header-meta":"","header-above-stick-meta":"","header-main-stick-meta":"","header-below-stick-meta":"","astra-migrate-meta-layouts":"default","ast-page-background-enabled":"default","ast-page-background-meta":{"desktop":{"background-color":"var(--ast-global-color-4)","background-image":"","background-repeat":"repeat","background-position":"center center","background-size":"auto","background-attachment":"scroll","background-type":"","background-media":"","overlay-type":"","overlay-color":"","overlay-opacity":"","overlay-gradient":""},"tablet":{"background-color":"","background-image":"","background-repeat":"repeat","background-position":"center center","background-size":"auto","background-attachment":"scroll","background-type":"","background-media":"","overlay-type":"","overlay-color":"","overlay-opacity":"","overlay-gradient":""},"mobile":{"background-color":"","background-image":"","background-repeat":"repeat","background-position":"center center","background-size":"auto","background-attachment":"scroll","background-type":"","background-media":"","overlay-type":"","overlay-color":"","overlay-opacity":"","overlay-gradient":""}},"ast-content-background-meta":{"desktop":{"background-color":"var(--ast-global-color-5)","background-image":"","background-repeat":"repeat","background-position":"center center","background-size":"auto","background-attachment":"scroll","background-type":"","background-media":"","overlay-type":"","overlay-color":"","overlay-opacity":"","overlay-gradient":""},"tablet":{"background-color":"var(--ast-global-color-5)","background-image":"","background-repeat":"repeat","background-position":"center center","background-size":"auto","background-attachment":"scroll","background-type":"","background-media":"","overlay-type":"","overlay-color":"","overlay-opacity":"","overlay-gradient":""},"mobile":{"background-color":"var(--ast-global-color-5)","background-image":"","background-repeat":"repeat","background-position":"center center","background-size":"auto","background-attachment":"scroll","background-type":"","background-media":"","overlay-type":"","overlay-color":"","overlay-opacity":"","overlay-gradient":""}},"footnotes":""},"class_list":["post-3","page","type-page","status-publish","hentry"],"uagb_featured_image_src":{"full":false,"thumbnail":false,"medium":false,"medium_large":false,"large":false,"1536x1536":false,"2048x2048":false,"woocommerce_thumbnail":false,"woocommerce_single":false,"woocommerce_gallery_thumbnail":false},"uagb_author_info":{"display_name":"Catherine Por\u00e9e","author_link":"https:\/\/cporee.art\/?author=1"},"uagb_comment_info":0,"uagb_excerpt":"Politique de confidentialit\u00e9 La protection de vos donn\u00e9es personnelles est une priorit\u00e9 pour moi. Je m\u2019engage \u00e0 respecter votre vie priv\u00e9e et \u00e0 traiter vos informations personnelles de mani\u00e8re confidentielle et s\u00e9curis\u00e9e. Cette politique de confidentialit\u00e9 explique comment je collecte, utilise et prot\u00e8ge vos donn\u00e9es lorsque vous visitez mon site internet cporee.art g\u00e9r\u00e9 par l\u2019entreprise\u2026","_links":{"self":[{"href":"https:\/\/cporee.art\/index.php?rest_route=\/wp\/v2\/pages\/3","targetHints":{"allow":["GET"]}}],"collection":[{"href":"https:\/\/cporee.art\/index.php?rest_route=\/wp\/v2\/pages"}],"about":[{"href":"https:\/\/cporee.art\/index.php?rest_route=\/wp\/v2\/types\/page"}],"author":[{"embeddable":true,"href":"https:\/\/cporee.art\/index.php?rest_route=\/wp\/v2\/users\/1"}],"replies":[{"embeddable":true,"href":"https:\/\/cporee.art\/index.php?rest_route=%2Fwp%2Fv2%2Fcomments&post=3"}],"version-history":[{"count":3,"href":"https:\/\/cporee.art\/index.php?rest_route=\/wp\/v2\/pages\/3\/revisions"}],"predecessor-version":[{"id":1209,"href":"https:\/\/cporee.art\/index.php?rest_route=\/wp\/v2\/pages\/3\/revisions\/1209"}],"wp:attachment":[{"href":"https:\/\/cporee.art\/index.php?rest_route=%2Fwp%2Fv2%2Fmedia&parent=3"}],"curies":[{"name":"wp","href":"https:\/\/api.w.org\/{rel}","templated":true}]}}