{"id":45,"date":"2024-03-06T16:26:56","date_gmt":"2024-03-06T15:26:56","guid":{"rendered":"https:\/\/cporee.art\/?page_id=45"},"modified":"2025-09-18T18:51:31","modified_gmt":"2025-09-18T16:51:31","slug":"cours","status":"publish","type":"page","link":"https:\/\/cporee.art\/?page_id=45","title":{"rendered":"Cours"},"content":{"rendered":"\t\t<div data-elementor-type=\"wp-page\" data-elementor-id=\"45\" class=\"elementor elementor-45\">\n\t\t\t\t<div class=\"elementor-element elementor-element-94c3621 e-flex e-con-boxed wpr-particle-no wpr-jarallax-no wpr-parallax-no wpr-sticky-section-no wpr-column-slider-no wpr-equal-height-no e-con e-parent\" data-id=\"94c3621\" data-element_type=\"container\" data-e-type=\"container\" data-settings=\"{&quot;background_background&quot;:&quot;classic&quot;}\">\n\t\t\t\t\t<div class=\"e-con-inner\">\n\t\t\t\t\t<\/div>\n\t\t\t\t<\/div>\n\t\t<div class=\"elementor-element elementor-element-7451751 e-flex e-con-boxed wpr-particle-no wpr-jarallax-no wpr-parallax-no wpr-sticky-section-no wpr-column-slider-no wpr-equal-height-no e-con e-parent\" data-id=\"7451751\" data-element_type=\"container\" data-e-type=\"container\" data-settings=\"{&quot;background_background&quot;:&quot;classic&quot;}\">\n\t\t\t\t\t<div class=\"e-con-inner\">\n\t\t\t\t<div class=\"elementor-element elementor-element-e0532c5 exad-sticky-section-no exad-glass-effect-no elementor-widget elementor-widget-heading\" data-id=\"e0532c5\" data-element_type=\"widget\" data-e-type=\"widget\" data-widget_type=\"heading.default\">\n\t\t\t\t<div class=\"elementor-widget-container\">\n\t\t\t\t\t<h1 class=\"elementor-heading-title elementor-size-default\">Cours<\/h1>\t\t\t\t<\/div>\n\t\t\t\t<\/div>\n\t\t\t\t\t<\/div>\n\t\t\t\t<\/div>\n\t\t<div class=\"elementor-element elementor-element-b6afa23 e-flex e-con-boxed wpr-particle-no wpr-jarallax-no wpr-parallax-no wpr-sticky-section-no wpr-column-slider-no wpr-equal-height-no e-con e-parent\" data-id=\"b6afa23\" data-element_type=\"container\" data-e-type=\"container\" data-settings=\"{&quot;background_background&quot;:&quot;classic&quot;}\">\n\t\t\t\t\t<div class=\"e-con-inner\">\n\t\t\t\t<div class=\"elementor-element elementor-element-bee2202 exad-sticky-section-no exad-glass-effect-no elementor-widget elementor-widget-heading\" data-id=\"bee2202\" data-element_type=\"widget\" data-e-type=\"widget\" data-widget_type=\"heading.default\">\n\t\t\t\t<div class=\"elementor-widget-container\">\n\t\t\t\t\t<p class=\"elementor-heading-title elementor-size-default\">Les 8 cours sont donn\u00e9s au sein de deux associations dans une salle de dessin au Cosec de Dinard o\u00f9 j\u2019enseigne l\u2019huile, l\u2019acrylique, le pastel sec et le dessin.<br><br>\nIl n\u2019est pas indispensable d\u2019avoir des bases de dessin ou de peinture pour int\u00e9grer les cours. <br>Les d\u00e9butants sont les bienvenus et la progression reste rapide en g\u00e9n\u00e9ral.<br><br>\nLa cl\u00e9 dans l\u2019apprentissage et par la suite reste l\u2019observation des proportions, des formes, des couleurs et des valeurs dans toute interpr\u00e9tation.\nLes cours sont orient\u00e9s dans un esprit atelier, l\u2019osmose de groupe est tr\u00e8s importante, chacun trouve sa place et reste ouvert au travail des autres tout en partageant ses id\u00e9es et ses critiques constructives.<br><br><br>\nJe vous enseigne les bases techniques, la gestion des outils (brosses, support, medium\u2026), des couleurs, des valeurs et des proportions.\nJe vous donne des astuces techniques de d\u00e9grad\u00e9, de fondu des lignes, d\u2019effet de mati\u00e8res\u2026 pour progresser dans votre travail.\nJe vous guide au fur et \u00e0 mesure en corrigeant avec vous les erreurs et vous progresserez assez vite en \u00e9coutant les conseils.\nLa fin d\u2019ann\u00e9e se cl\u00f4ture par une exposition annuelle des \u0153uvres de tous les \u00e9l\u00e8ves, un bon moment convivial qui permet d\u2019exposer au public le travail accompli de chacun.<br><br>\nVous pouvez consulter les diff\u00e9rentes \u0153uvres des \u00e9l\u00e8ves sur le site&nbsp;<a href=\"https:\/\/aad35.wordpress.com\/\" title=\"aad35.wordpress.com \">aad35.wordpress.com<\/a>\n&nbsp;<br><br>\nJe propose des cours hebdomadaires en groupe de 12 personnes maximum par cr\u00e9neau avec une possibilit\u00e9 de r\u00e9cup\u00e9ration sur les autres cr\u00e9neaux disponibles.<br><br>\nVous pouvez int\u00e9grer les cours tout au long de l\u2019ann\u00e9e seulement pour les nouveaux inscrits avec un cours d\u2019essai et en fonction des places disponibles.<br><br>\nIl n\u2019y a pas de cours pendant les vacances scolaires.<br><br>\nDes chevalets de tables et sur pied sont \u00e0 votre disposition dans la salle ainsi qu\u2019un peu de mat\u00e9riel pour d\u00e9couvrir une nouvelle technique.\n<\/p>\t\t\t\t<\/div>\n\t\t\t\t<\/div>\n\t\t\t\t\t<\/div>\n\t\t\t\t<\/div>\n\t\t<div class=\"elementor-element elementor-element-d99d952 e-flex e-con-boxed wpr-particle-no wpr-jarallax-no wpr-parallax-no wpr-sticky-section-no wpr-column-slider-no wpr-equal-height-no e-con e-parent\" data-id=\"d99d952\" data-element_type=\"container\" data-e-type=\"container\" data-settings=\"{&quot;background_background&quot;:&quot;classic&quot;}\">\n\t\t\t\t\t<div class=\"e-con-inner\">\n\t\t<div class=\"elementor-element elementor-element-f20dc43 e-con-full e-flex wpr-particle-no wpr-jarallax-no wpr-parallax-no wpr-sticky-section-no wpr-column-slider-no wpr-equal-height-no e-con e-child\" data-id=\"f20dc43\" data-element_type=\"container\" data-e-type=\"container\">\n\t\t\t\t<div class=\"elementor-element elementor-element-2573793 exad-sticky-section-no exad-glass-effect-no elementor-widget elementor-widget-heading\" data-id=\"2573793\" data-element_type=\"widget\" data-e-type=\"widget\" data-widget_type=\"heading.default\">\n\t\t\t\t<div class=\"elementor-widget-container\">\n\t\t\t\t\t<p class=\"elementor-heading-title elementor-size-default\">Association Artistique Dinardaise :<br>\n \n<br>Cours adultes<br>Lundi : 14h30\/17h - 17h30\/20h<br><br>Mardi : 9h30\/12h \u2013 14h30\/17h \u2013 17h30\/20h<br><br>Tarifs : 300 euros l\u2019ann\u00e9e<br><br><br><br><br><\/p>\t\t\t\t<\/div>\n\t\t\t\t<\/div>\n\t\t\t\t<\/div>\n\t\t<div class=\"elementor-element elementor-element-54cb6f8 e-con-full e-flex wpr-particle-no wpr-jarallax-no wpr-parallax-no wpr-sticky-section-no wpr-column-slider-no wpr-equal-height-no e-con e-child\" data-id=\"54cb6f8\" data-element_type=\"container\" data-e-type=\"container\">\n\t\t\t\t<div class=\"elementor-element elementor-element-434a9fe exad-sticky-section-no exad-glass-effect-no elementor-widget elementor-widget-heading\" data-id=\"434a9fe\" data-element_type=\"widget\" data-e-type=\"widget\" data-widget_type=\"heading.default\">\n\t\t\t\t<div class=\"elementor-widget-container\">\n\t\t\t\t\t<p class=\"elementor-heading-title elementor-size-default\">Association Dinard Passe-Temps :<br><br>Cours adultes<br><br>Mercredi 14h\/16h30<br><br>Vendredi 9h30\/12h - 13h30\/16h<br><br>Tarifs : 320 euros l\u2019ann\u00e9e<\/p>\t\t\t\t<\/div>\n\t\t\t\t<\/div>\n\t\t\t\t<\/div>\n\t\t\t\t\t<\/div>\n\t\t\t\t<\/div>\n\t\t\t\t<\/div>\n\t\t","protected":false},"excerpt":{"rendered":"<p>Cours Les 8 cours sont donn\u00e9s au sein de deux associations dans une salle de dessin au Cosec de Dinard o\u00f9 j\u2019enseigne l\u2019huile, l\u2019acrylique, le pastel sec et le dessin. Il n\u2019est pas indispensable d\u2019avoir des bases de dessin ou de peinture pour int\u00e9grer les cours. Les d\u00e9butants sont les bienvenus et la progression reste rapide en g\u00e9n\u00e9ral. La cl\u00e9 dans l\u2019apprentissage et par la suite reste l\u2019observation des proportions, des formes, des couleurs et des valeurs dans toute interpr\u00e9tation. Les cours sont orient\u00e9s dans un esprit atelier, l\u2019osmose de groupe est tr\u00e8s importante, chacun trouve sa place et reste ouvert au travail des autres tout en partageant ses id\u00e9es et ses critiques constructives. Je vous enseigne les bases techniques, la gestion des outils (brosses, support, medium\u2026), des couleurs, des valeurs et des proportions. Je vous donne des astuces techniques de d\u00e9grad\u00e9, de fondu des lignes, d\u2019effet de mati\u00e8res\u2026 pour progresser dans votre travail. Je vous guide au fur et \u00e0 mesure en corrigeant avec vous les erreurs et vous progresserez assez vite en \u00e9coutant les conseils. La fin d\u2019ann\u00e9e se cl\u00f4ture par une exposition annuelle des \u0153uvres de tous les \u00e9l\u00e8ves, un bon moment convivial qui permet d\u2019exposer au public le travail accompli de chacun. Vous pouvez consulter les diff\u00e9rentes \u0153uvres des \u00e9l\u00e8ves sur le site&nbsp;aad35.wordpress.com &nbsp; Je propose des cours hebdomadaires en groupe de 12 personnes maximum par cr\u00e9neau avec une possibilit\u00e9 de r\u00e9cup\u00e9ration sur les autres cr\u00e9neaux disponibles. Vous pouvez int\u00e9grer les cours tout au long de l\u2019ann\u00e9e seulement pour les nouveaux inscrits avec un cours d\u2019essai et en fonction des places disponibles. Il n\u2019y a pas de cours pendant les vacances scolaires. Des chevalets de tables et sur pied sont \u00e0 votre disposition dans la salle ainsi qu\u2019un peu de mat\u00e9riel pour d\u00e9couvrir une nouvelle technique. Association Artistique Dinardaise : Cours adultesLundi : 14h30\/17h &#8211; 17h30\/20h Mardi : 9h30\/12h \u2013 14h30\/17h \u2013 17h30\/20h Tarifs : 300 euros l\u2019ann\u00e9e Association Dinard Passe-Temps : Cours adultes Mercredi 14h\/16h30 Vendredi 9h30\/12h &#8211; 13h30\/16h Tarifs : 320 euros l\u2019ann\u00e9e<\/p>\n","protected":false},"author":1,"featured_media":0,"parent":0,"menu_order":0,"comment_status":"closed","ping_status":"closed","template":"","meta":{"_uag_custom_page_level_css":"","site-sidebar-layout":"no-sidebar","site-content-layout":"","ast-site-content-layout":"full-width-container","site-content-style":"default","site-sidebar-style":"default","ast-global-header-display":"","ast-banner-title-visibility":"","ast-main-header-display":"","ast-hfb-above-header-display":"","ast-hfb-below-header-display":"","ast-hfb-mobile-header-display":"","site-post-title":"disabled","ast-breadcrumbs-content":"","ast-featured-img":"disabled","footer-sml-layout":"","ast-disable-related-posts":"","theme-transparent-header-meta":"","adv-header-id-meta":"","stick-header-meta":"","header-above-stick-meta":"","header-main-stick-meta":"","header-below-stick-meta":"","astra-migrate-meta-layouts":"default","ast-page-background-enabled":"default","ast-page-background-meta":{"desktop":{"background-color":"var(--ast-global-color-4)","background-image":"","background-repeat":"repeat","background-position":"center center","background-size":"auto","background-attachment":"scroll","background-type":"","background-media":"","overlay-type":"","overlay-color":"","overlay-opacity":"","overlay-gradient":""},"tablet":{"background-color":"","background-image":"","background-repeat":"repeat","background-position":"center center","background-size":"auto","background-attachment":"scroll","background-type":"","background-media":"","overlay-type":"","overlay-color":"","overlay-opacity":"","overlay-gradient":""},"mobile":{"background-color":"","background-image":"","background-repeat":"repeat","background-position":"center center","background-size":"auto","background-attachment":"scroll","background-type":"","background-media":"","overlay-type":"","overlay-color":"","overlay-opacity":"","overlay-gradient":""}},"ast-content-background-meta":{"desktop":{"background-color":"var(--ast-global-color-5)","background-image":"","background-repeat":"repeat","background-position":"center center","background-size":"auto","background-attachment":"scroll","background-type":"","background-media":"","overlay-type":"","overlay-color":"","overlay-opacity":"","overlay-gradient":""},"tablet":{"background-color":"var(--ast-global-color-5)","background-image":"","background-repeat":"repeat","background-position":"center center","background-size":"auto","background-attachment":"scroll","background-type":"","background-media":"","overlay-type":"","overlay-color":"","overlay-opacity":"","overlay-gradient":""},"mobile":{"background-color":"var(--ast-global-color-5)","background-image":"","background-repeat":"repeat","background-position":"center center","background-size":"auto","background-attachment":"scroll","background-type":"","background-media":"","overlay-type":"","overlay-color":"","overlay-opacity":"","overlay-gradient":""}},"footnotes":""},"class_list":["post-45","page","type-page","status-publish","hentry"],"uagb_featured_image_src":{"full":false,"thumbnail":false,"medium":false,"medium_large":false,"large":false,"1536x1536":false,"2048x2048":false,"woocommerce_thumbnail":false,"woocommerce_single":false,"woocommerce_gallery_thumbnail":false},"uagb_author_info":{"display_name":"Catherine Por\u00e9e","author_link":"https:\/\/cporee.art\/?author=1"},"uagb_comment_info":0,"uagb_excerpt":"Cours Les 8 cours sont donn\u00e9s au sein de deux associations dans une salle de dessin au Cosec de Dinard o\u00f9 j\u2019enseigne l\u2019huile, l\u2019acrylique, le pastel sec et le dessin. Il n\u2019est pas indispensable d\u2019avoir des bases de dessin ou de peinture pour int\u00e9grer les cours. Les d\u00e9butants sont les bienvenus et la progression reste\u2026","_links":{"self":[{"href":"https:\/\/cporee.art\/index.php?rest_route=\/wp\/v2\/pages\/45","targetHints":{"allow":["GET"]}}],"collection":[{"href":"https:\/\/cporee.art\/index.php?rest_route=\/wp\/v2\/pages"}],"about":[{"href":"https:\/\/cporee.art\/index.php?rest_route=\/wp\/v2\/types\/page"}],"author":[{"embeddable":true,"href":"https:\/\/cporee.art\/index.php?rest_route=\/wp\/v2\/users\/1"}],"replies":[{"embeddable":true,"href":"https:\/\/cporee.art\/index.php?rest_route=%2Fwp%2Fv2%2Fcomments&post=45"}],"version-history":[{"count":34,"href":"https:\/\/cporee.art\/index.php?rest_route=\/wp\/v2\/pages\/45\/revisions"}],"predecessor-version":[{"id":4194,"href":"https:\/\/cporee.art\/index.php?rest_route=\/wp\/v2\/pages\/45\/revisions\/4194"}],"wp:attachment":[{"href":"https:\/\/cporee.art\/index.php?rest_route=%2Fwp%2Fv2%2Fmedia&parent=45"}],"curies":[{"name":"wp","href":"https:\/\/api.w.org\/{rel}","templated":true}]}}