{"id":1640,"date":"2023-04-28T16:19:26","date_gmt":"2023-04-28T14:19:26","guid":{"rendered":"https:\/\/cporee.art\/?post_type=product&#038;p=1640"},"modified":"2025-11-11T11:23:34","modified_gmt":"2025-11-11T10:23:34","slug":"divine-lumiere","status":"publish","type":"product","link":"https:\/\/cporee.art\/?product=divine-lumiere","title":{"rendered":"Divine lumi\u00e8re"},"content":{"rendered":"","protected":false},"excerpt":{"rendered":"<p>Prix exposition r\u00e9gionale d&rsquo;art d&rsquo;Ern\u00e9e 2025<\/p>\n<p>Prix du public du salon d&rsquo;art de Guilliers 2025<\/p>\n<p>Prix du jury Acad\u00e9mie Arts-Sciences-Lettres de Paris &#8211; Galerie Thuillier 2024<\/p>\n<p>Huile sur toile de lin<br \/>\n81 cm x 54 cm<\/p>\n<p>Encadrement : Caisse Am\u00e9ricaine<\/p>\n<p>Disponible \u00e0 la vente<\/p>\n","protected":false},"featured_media":1667,"comment_status":"closed","ping_status":"closed","template":"","meta":{"_uag_custom_page_level_css":"","site-sidebar-layout":"default","site-content-layout":"","ast-site-content-layout":"default","site-content-style":"default","site-sidebar-style":"default","ast-global-header-display":"","ast-banner-title-visibility":"","ast-main-header-display":"","ast-hfb-above-header-display":"","ast-hfb-below-header-display":"","ast-hfb-mobile-header-display":"","site-post-title":"","ast-breadcrumbs-content":"","ast-featured-img":"","footer-sml-layout":"","ast-disable-related-posts":"","theme-transparent-header-meta":"default","adv-header-id-meta":"","stick-header-meta":"","header-above-stick-meta":"","header-main-stick-meta":"","header-below-stick-meta":"","astra-migrate-meta-layouts":"set","ast-page-background-enabled":"default","ast-page-background-meta":{"desktop":{"background-color":"var(--ast-global-color-4)","background-image":"","background-repeat":"repeat","background-position":"center center","background-size":"auto","background-attachment":"scroll","background-type":"","background-media":"","overlay-type":"","overlay-color":"","overlay-opacity":"","overlay-gradient":""},"tablet":{"background-color":"","background-image":"","background-repeat":"repeat","background-position":"center center","background-size":"auto","background-attachment":"scroll","background-type":"","background-media":"","overlay-type":"","overlay-color":"","overlay-opacity":"","overlay-gradient":""},"mobile":{"background-color":"","background-image":"","background-repeat":"repeat","background-position":"center center","background-size":"auto","background-attachment":"scroll","background-type":"","background-media":"","overlay-type":"","overlay-color":"","overlay-opacity":"","overlay-gradient":""}},"ast-content-background-meta":{"desktop":{"background-color":"var(--ast-global-color-5)","background-image":"","background-repeat":"repeat","background-position":"center center","background-size":"auto","background-attachment":"scroll","background-type":"","background-media":"","overlay-type":"","overlay-color":"","overlay-opacity":"","overlay-gradient":""},"tablet":{"background-color":"var(--ast-global-color-5)","background-image":"","background-repeat":"repeat","background-position":"center center","background-size":"auto","background-attachment":"scroll","background-type":"","background-media":"","overlay-type":"","overlay-color":"","overlay-opacity":"","overlay-gradient":""},"mobile":{"background-color":"var(--ast-global-color-5)","background-image":"","background-repeat":"repeat","background-position":"center center","background-size":"auto","background-attachment":"scroll","background-type":"","background-media":"","overlay-type":"","overlay-color":"","overlay-opacity":"","overlay-gradient":""}}},"product_brand":[],"product_cat":[20],"product_tag":[],"class_list":{"0":"post-1640","1":"product","2":"type-product","3":"status-publish","4":"has-post-thumbnail","6":"product_cat-interieur","7":"product_shipping_class-colis-lours","8":"desktop-align-left","9":"tablet-align-left","10":"mobile-align-left","12":"first","13":"instock","14":"taxable","15":"shipping-taxable","16":"purchasable","17":"product-type-simple"},"uagb_featured_image_src":{"full":["https:\/\/cporee.art\/wp-content\/uploads\/2024\/04\/Divine-Lumiere.png",900,902,false],"thumbnail":["https:\/\/cporee.art\/wp-content\/uploads\/2024\/04\/Divine-Lumiere-150x150.png",150,150,true],"medium":["https:\/\/cporee.art\/wp-content\/uploads\/2024\/04\/Divine-Lumiere-300x300.png",300,300,true],"medium_large":["https:\/\/cporee.art\/wp-content\/uploads\/2024\/04\/Divine-Lumiere-768x770.png",768,770,true],"large":["https:\/\/cporee.art\/wp-content\/uploads\/2024\/04\/Divine-Lumiere.png",900,902,false],"1536x1536":["https:\/\/cporee.art\/wp-content\/uploads\/2024\/04\/Divine-Lumiere.png",900,902,false],"2048x2048":["https:\/\/cporee.art\/wp-content\/uploads\/2024\/04\/Divine-Lumiere.png",900,902,false],"woocommerce_thumbnail":["https:\/\/cporee.art\/wp-content\/uploads\/2024\/04\/Divine-Lumiere-300x300.png",300,300,true],"woocommerce_single":["https:\/\/cporee.art\/wp-content\/uploads\/2024\/04\/Divine-Lumiere-600x601.png",600,601,true],"woocommerce_gallery_thumbnail":["https:\/\/cporee.art\/wp-content\/uploads\/2024\/04\/Divine-Lumiere-100x100.png",100,100,true]},"uagb_author_info":{"display_name":"Catherine Por\u00e9e","author_link":"https:\/\/cporee.art\/?author=0"},"uagb_comment_info":0,"uagb_excerpt":"Prix exposition r\u00e9gionale d'art d'Ern\u00e9e 2025 Prix du public du salon d'art de Guilliers 2025 Prix du jury Acad\u00e9mie Arts-Sciences-Lettres de Paris - Galerie Thuillier 2024 Huile sur toile de lin 81 cm x 54 cm Encadrement : Caisse Am\u00e9ricaine Disponible \u00e0 la vente","_links":{"self":[{"href":"https:\/\/cporee.art\/index.php?rest_route=\/wp\/v2\/product\/1640","targetHints":{"allow":["GET"]}}],"collection":[{"href":"https:\/\/cporee.art\/index.php?rest_route=\/wp\/v2\/product"}],"about":[{"href":"https:\/\/cporee.art\/index.php?rest_route=\/wp\/v2\/types\/product"}],"replies":[{"embeddable":true,"href":"https:\/\/cporee.art\/index.php?rest_route=%2Fwp%2Fv2%2Fcomments&post=1640"}],"wp:featuredmedia":[{"embeddable":true,"href":"https:\/\/cporee.art\/index.php?rest_route=\/wp\/v2\/media\/1667"}],"wp:attachment":[{"href":"https:\/\/cporee.art\/index.php?rest_route=%2Fwp%2Fv2%2Fmedia&parent=1640"}],"wp:term":[{"taxonomy":"product_brand","embeddable":true,"href":"https:\/\/cporee.art\/index.php?rest_route=%2Fwp%2Fv2%2Fproduct_brand&post=1640"},{"taxonomy":"product_cat","embeddable":true,"href":"https:\/\/cporee.art\/index.php?rest_route=%2Fwp%2Fv2%2Fproduct_cat&post=1640"},{"taxonomy":"product_tag","embeddable":true,"href":"https:\/\/cporee.art\/index.php?rest_route=%2Fwp%2Fv2%2Fproduct_tag&post=1640"}],"curies":[{"name":"wp","href":"https:\/\/api.w.org\/{rel}","templated":true}]}}