{"id":3957,"date":"2025-04-11T09:02:38","date_gmt":"2025-04-11T07:02:38","guid":{"rendered":"https:\/\/cporee.art\/?post_type=product&#038;p=3957"},"modified":"2025-11-11T11:21:52","modified_gmt":"2025-11-11T10:21:52","slug":"lephemere-du-louvre","status":"publish","type":"product","link":"https:\/\/cporee.art\/?product=lephemere-du-louvre","title":{"rendered":"L&rsquo;\u00e9ph\u00e9m\u00e8re du Louvre"},"content":{"rendered":"<p>Prix exposition r\u00e9gionale d&rsquo;art d&rsquo;Ern\u00e9e 2025<\/p>\n<p>Prix du public du salon d&rsquo;art de Guilliers 2025<\/p>\n<p>Huile sur toile lin<\/p>\n<p>73 cm x 60 cm<\/p>\n<p>Disponible \u00e0 la vente<\/p>\n<p>Encadrement caisse am\u00e9ricaine<\/p>\n","protected":false},"excerpt":{"rendered":"<p>Prix exposition r\u00e9gionale d&rsquo;art d&rsquo;Ern\u00e9e 2025 Prix du public du salon d&rsquo;art de Guilliers 2025 Huile sur toile lin 73 cm x 60 cm Disponible \u00e0 la vente Encadrement caisse am\u00e9ricaine<\/p>\n","protected":false},"featured_media":3958,"comment_status":"open","ping_status":"closed","template":"","meta":{"_uag_custom_page_level_css":"","site-sidebar-layout":"default","site-content-layout":"","ast-site-content-layout":"default","site-content-style":"default","site-sidebar-style":"default","ast-global-header-display":"","ast-banner-title-visibility":"","ast-main-header-display":"","ast-hfb-above-header-display":"","ast-hfb-below-header-display":"","ast-hfb-mobile-header-display":"","site-post-title":"","ast-breadcrumbs-content":"","ast-featured-img":"","footer-sml-layout":"","ast-disable-related-posts":"","theme-transparent-header-meta":"default","adv-header-id-meta":"","stick-header-meta":"","header-above-stick-meta":"","header-main-stick-meta":"","header-below-stick-meta":"","astra-migrate-meta-layouts":"set","ast-page-background-enabled":"default","ast-page-background-meta":{"desktop":{"background-color":"var(--ast-global-color-4)","background-image":"","background-repeat":"repeat","background-position":"center center","background-size":"auto","background-attachment":"scroll","background-type":"","background-media":"","overlay-type":"","overlay-color":"","overlay-opacity":"","overlay-gradient":""},"tablet":{"background-color":"","background-image":"","background-repeat":"repeat","background-position":"center center","background-size":"auto","background-attachment":"scroll","background-type":"","background-media":"","overlay-type":"","overlay-color":"","overlay-opacity":"","overlay-gradient":""},"mobile":{"background-color":"","background-image":"","background-repeat":"repeat","background-position":"center center","background-size":"auto","background-attachment":"scroll","background-type":"","background-media":"","overlay-type":"","overlay-color":"","overlay-opacity":"","overlay-gradient":""}},"ast-content-background-meta":{"desktop":{"background-color":"var(--ast-global-color-5)","background-image":"","background-repeat":"repeat","background-position":"center center","background-size":"auto","background-attachment":"scroll","background-type":"","background-media":"","overlay-type":"","overlay-color":"","overlay-opacity":"","overlay-gradient":""},"tablet":{"background-color":"var(--ast-global-color-5)","background-image":"","background-repeat":"repeat","background-position":"center center","background-size":"auto","background-attachment":"scroll","background-type":"","background-media":"","overlay-type":"","overlay-color":"","overlay-opacity":"","overlay-gradient":""},"mobile":{"background-color":"var(--ast-global-color-5)","background-image":"","background-repeat":"repeat","background-position":"center center","background-size":"auto","background-attachment":"scroll","background-type":"","background-media":"","overlay-type":"","overlay-color":"","overlay-opacity":"","overlay-gradient":""}}},"product_brand":[],"product_cat":[20],"product_tag":[],"class_list":{"0":"post-3957","1":"product","2":"type-product","3":"status-publish","4":"has-post-thumbnail","6":"product_cat-interieur","7":"desktop-align-left","8":"tablet-align-left","9":"mobile-align-left","11":"first","12":"instock","13":"taxable","14":"shipping-taxable","15":"purchasable","16":"product-type-simple"},"uagb_featured_image_src":{"full":["https:\/\/cporee.art\/wp-content\/uploads\/2025\/04\/2503-scaled-e1744354840375.jpg",1970,1970,false],"thumbnail":["https:\/\/cporee.art\/wp-content\/uploads\/2025\/04\/2503-scaled-e1744354840375-150x150.jpg",150,150,true],"medium":["https:\/\/cporee.art\/wp-content\/uploads\/2025\/04\/2503-scaled-e1744354840375-300x300.jpg",300,300,true],"medium_large":["https:\/\/cporee.art\/wp-content\/uploads\/2025\/04\/2503-scaled-e1744354840375-768x768.jpg",768,768,true],"large":["https:\/\/cporee.art\/wp-content\/uploads\/2025\/04\/2503-scaled-e1744354840375-1024x1024.jpg",1024,1024,true],"1536x1536":["https:\/\/cporee.art\/wp-content\/uploads\/2025\/04\/2503-scaled-e1744354840375-1536x1536.jpg",1536,1536,true],"2048x2048":["https:\/\/cporee.art\/wp-content\/uploads\/2025\/04\/2503-1682x2048.jpg",1682,2048,true],"woocommerce_thumbnail":["https:\/\/cporee.art\/wp-content\/uploads\/2025\/04\/2503-scaled-e1744354840375-300x300.jpg",300,300,true],"woocommerce_single":["https:\/\/cporee.art\/wp-content\/uploads\/2025\/04\/2503-scaled-e1744354840375-600x600.jpg",600,600,true],"woocommerce_gallery_thumbnail":["https:\/\/cporee.art\/wp-content\/uploads\/2025\/04\/2503-scaled-e1744354840375-100x100.jpg",100,100,true]},"uagb_author_info":{"display_name":"Catherine Por\u00e9e","author_link":"https:\/\/cporee.art\/?author=0"},"uagb_comment_info":0,"uagb_excerpt":"Prix exposition r\u00e9gionale d&rsquo;art d&rsquo;Ern\u00e9e 2025 Prix du public du salon d&rsquo;art de Guilliers 2025 Huile sur toile lin 73 cm x 60 cm Disponible \u00e0 la vente Encadrement caisse am\u00e9ricaine","_links":{"self":[{"href":"https:\/\/cporee.art\/index.php?rest_route=\/wp\/v2\/product\/3957","targetHints":{"allow":["GET"]}}],"collection":[{"href":"https:\/\/cporee.art\/index.php?rest_route=\/wp\/v2\/product"}],"about":[{"href":"https:\/\/cporee.art\/index.php?rest_route=\/wp\/v2\/types\/product"}],"replies":[{"embeddable":true,"href":"https:\/\/cporee.art\/index.php?rest_route=%2Fwp%2Fv2%2Fcomments&post=3957"}],"wp:featuredmedia":[{"embeddable":true,"href":"https:\/\/cporee.art\/index.php?rest_route=\/wp\/v2\/media\/3958"}],"wp:attachment":[{"href":"https:\/\/cporee.art\/index.php?rest_route=%2Fwp%2Fv2%2Fmedia&parent=3957"}],"wp:term":[{"taxonomy":"product_brand","embeddable":true,"href":"https:\/\/cporee.art\/index.php?rest_route=%2Fwp%2Fv2%2Fproduct_brand&post=3957"},{"taxonomy":"product_cat","embeddable":true,"href":"https:\/\/cporee.art\/index.php?rest_route=%2Fwp%2Fv2%2Fproduct_cat&post=3957"},{"taxonomy":"product_tag","embeddable":true,"href":"https:\/\/cporee.art\/index.php?rest_route=%2Fwp%2Fv2%2Fproduct_tag&post=3957"}],"curies":[{"name":"wp","href":"https:\/\/api.w.org\/{rel}","templated":true}]}}