{"id":4248,"date":"2025-11-11T11:33:23","date_gmt":"2025-11-11T10:33:23","guid":{"rendered":"https:\/\/cporee.art\/?post_type=product&#038;p=4248"},"modified":"2025-11-11T13:10:02","modified_gmt":"2025-11-11T12:10:02","slug":"un-soupcon-dabstraction-geometrique","status":"publish","type":"product","link":"https:\/\/cporee.art\/?product=un-soupcon-dabstraction-geometrique","title":{"rendered":"Un soup\u00e7on d&rsquo;abstraction g\u00e9om\u00e9trique"},"content":{"rendered":"<p>Huile sur toile de lin<\/p>\n<p>61 cm x 38 cm<\/p>\n<p>Disponible \u00e0 la vente<\/p>\n<p>Encadrement caisse am\u00e9ricaine<\/p>\n","protected":false},"excerpt":{"rendered":"<p><img fetchpriority=\"high\" decoding=\"async\" class=\"alignnone size-medium wp-image-4222\" src=\"https:\/\/cporee.art\/wp-content\/uploads\/2025\/11\/louvre-184x300.jpg\" alt=\"\" width=\"184\" height=\"300\" srcset=\"https:\/\/cporee.art\/wp-content\/uploads\/2025\/11\/louvre-184x300.jpg 184w, https:\/\/cporee.art\/wp-content\/uploads\/2025\/11\/louvre-scaled.jpg 1573w\" sizes=\"(max-width: 184px) 100vw, 184px\" \/><\/p>\n","protected":false},"featured_media":4223,"comment_status":"open","ping_status":"closed","template":"","meta":{"_uag_custom_page_level_css":"","site-sidebar-layout":"default","site-content-layout":"","ast-site-content-layout":"default","site-content-style":"default","site-sidebar-style":"default","ast-global-header-display":"","ast-banner-title-visibility":"","ast-main-header-display":"","ast-hfb-above-header-display":"","ast-hfb-below-header-display":"","ast-hfb-mobile-header-display":"","site-post-title":"","ast-breadcrumbs-content":"","ast-featured-img":"","footer-sml-layout":"","ast-disable-related-posts":"","theme-transparent-header-meta":"default","adv-header-id-meta":"","stick-header-meta":"","header-above-stick-meta":"","header-main-stick-meta":"","header-below-stick-meta":"","astra-migrate-meta-layouts":"set","ast-page-background-enabled":"default","ast-page-background-meta":{"desktop":{"background-color":"var(--ast-global-color-4)","background-image":"","background-repeat":"repeat","background-position":"center center","background-size":"auto","background-attachment":"scroll","background-type":"","background-media":"","overlay-type":"","overlay-color":"","overlay-opacity":"","overlay-gradient":""},"tablet":{"background-color":"","background-image":"","background-repeat":"repeat","background-position":"center center","background-size":"auto","background-attachment":"scroll","background-type":"","background-media":"","overlay-type":"","overlay-color":"","overlay-opacity":"","overlay-gradient":""},"mobile":{"background-color":"","background-image":"","background-repeat":"repeat","background-position":"center center","background-size":"auto","background-attachment":"scroll","background-type":"","background-media":"","overlay-type":"","overlay-color":"","overlay-opacity":"","overlay-gradient":""}},"ast-content-background-meta":{"desktop":{"background-color":"var(--ast-global-color-5)","background-image":"","background-repeat":"repeat","background-position":"center center","background-size":"auto","background-attachment":"scroll","background-type":"","background-media":"","overlay-type":"","overlay-color":"","overlay-opacity":"","overlay-gradient":""},"tablet":{"background-color":"var(--ast-global-color-5)","background-image":"","background-repeat":"repeat","background-position":"center center","background-size":"auto","background-attachment":"scroll","background-type":"","background-media":"","overlay-type":"","overlay-color":"","overlay-opacity":"","overlay-gradient":""},"mobile":{"background-color":"var(--ast-global-color-5)","background-image":"","background-repeat":"repeat","background-position":"center center","background-size":"auto","background-attachment":"scroll","background-type":"","background-media":"","overlay-type":"","overlay-color":"","overlay-opacity":"","overlay-gradient":""}}},"product_brand":[],"product_cat":[20],"product_tag":[],"class_list":{"0":"post-4248","1":"product","2":"type-product","3":"status-publish","4":"has-post-thumbnail","6":"product_cat-interieur","7":"desktop-align-left","8":"tablet-align-left","9":"mobile-align-left","11":"first","12":"instock","13":"taxable","14":"shipping-taxable","15":"purchasable","16":"product-type-simple"},"uagb_featured_image_src":{"full":["https:\/\/cporee.art\/wp-content\/uploads\/2025\/11\/louvre-1-scaled-e1762862984283.jpg",1573,1583,false],"thumbnail":["https:\/\/cporee.art\/wp-content\/uploads\/2025\/11\/louvre-1-scaled-e1762862984283-150x150.jpg",150,150,true],"medium":["https:\/\/cporee.art\/wp-content\/uploads\/2025\/11\/louvre-1-scaled-e1762862984283-298x300.jpg",298,300,true],"medium_large":["https:\/\/cporee.art\/wp-content\/uploads\/2025\/11\/louvre-1-scaled-e1762862984283-768x773.jpg",768,773,true],"large":["https:\/\/cporee.art\/wp-content\/uploads\/2025\/11\/louvre-1-scaled-e1762862984283-1018x1024.jpg",1018,1024,true],"1536x1536":["https:\/\/cporee.art\/wp-content\/uploads\/2025\/11\/louvre-1-scaled-e1762862984283-1526x1536.jpg",1526,1536,true],"2048x2048":["https:\/\/cporee.art\/wp-content\/uploads\/2025\/11\/louvre-1-1258x2048.jpg",1258,2048,true],"woocommerce_thumbnail":["https:\/\/cporee.art\/wp-content\/uploads\/2025\/11\/louvre-1-scaled-e1762862984283-300x300.jpg",300,300,true],"woocommerce_single":["https:\/\/cporee.art\/wp-content\/uploads\/2025\/11\/louvre-1-scaled-e1762862984283-600x604.jpg",600,604,true],"woocommerce_gallery_thumbnail":["https:\/\/cporee.art\/wp-content\/uploads\/2025\/11\/louvre-1-scaled-e1762862984283-100x100.jpg",100,100,true]},"uagb_author_info":{"display_name":"Catherine Por\u00e9e","author_link":"https:\/\/cporee.art\/?author=0"},"uagb_comment_info":0,"uagb_excerpt":null,"_links":{"self":[{"href":"https:\/\/cporee.art\/index.php?rest_route=\/wp\/v2\/product\/4248","targetHints":{"allow":["GET"]}}],"collection":[{"href":"https:\/\/cporee.art\/index.php?rest_route=\/wp\/v2\/product"}],"about":[{"href":"https:\/\/cporee.art\/index.php?rest_route=\/wp\/v2\/types\/product"}],"replies":[{"embeddable":true,"href":"https:\/\/cporee.art\/index.php?rest_route=%2Fwp%2Fv2%2Fcomments&post=4248"}],"wp:featuredmedia":[{"embeddable":true,"href":"https:\/\/cporee.art\/index.php?rest_route=\/wp\/v2\/media\/4223"}],"wp:attachment":[{"href":"https:\/\/cporee.art\/index.php?rest_route=%2Fwp%2Fv2%2Fmedia&parent=4248"}],"wp:term":[{"taxonomy":"product_brand","embeddable":true,"href":"https:\/\/cporee.art\/index.php?rest_route=%2Fwp%2Fv2%2Fproduct_brand&post=4248"},{"taxonomy":"product_cat","embeddable":true,"href":"https:\/\/cporee.art\/index.php?rest_route=%2Fwp%2Fv2%2Fproduct_cat&post=4248"},{"taxonomy":"product_tag","embeddable":true,"href":"https:\/\/cporee.art\/index.php?rest_route=%2Fwp%2Fv2%2Fproduct_tag&post=4248"}],"curies":[{"name":"wp","href":"https:\/\/api.w.org\/{rel}","templated":true}]}}