{"id":4476,"date":"2026-04-03T08:13:51","date_gmt":"2026-04-03T06:13:51","guid":{"rendered":"https:\/\/cporee.art\/?post_type=product&#038;p=4476"},"modified":"2026-04-28T08:58:39","modified_gmt":"2026-04-28T06:58:39","slug":"la-danse-du-voile","status":"publish","type":"product","link":"https:\/\/cporee.art\/?product=la-danse-du-voile","title":{"rendered":"La danse du voile"},"content":{"rendered":"<p>Prix de la ville de Chateaubriant 2026<\/p>\n<p>Prix du public Salon de peinture de Thorign\u00e9-Fouillard 2025<\/p>\n<p>Huile sur toile de lin<\/p>\n<p>92 cm x 60 cm<\/p>\n<p>Disponible \u00e0 la vente<\/p>\n<p>Encadrement caisse am\u00e9ricaine<\/p>\n","protected":false},"excerpt":{"rendered":"<p>Prix de la ville de Chateaubriant 2026 Prix du public Salon de peinture de Thorign\u00e9-Fouillard 2025 Huile sur toile de lin 92 cm x 60 cm Disponible \u00e0 la vente Encadrement caisse am\u00e9ricaine<\/p>\n","protected":false},"featured_media":4456,"comment_status":"open","ping_status":"closed","template":"","meta":{"_uag_custom_page_level_css":"","site-sidebar-layout":"default","site-content-layout":"","ast-site-content-layout":"default","site-content-style":"default","site-sidebar-style":"default","ast-global-header-display":"","ast-banner-title-visibility":"","ast-main-header-display":"","ast-hfb-above-header-display":"","ast-hfb-below-header-display":"","ast-hfb-mobile-header-display":"","site-post-title":"","ast-breadcrumbs-content":"","ast-featured-img":"","footer-sml-layout":"","ast-disable-related-posts":"","theme-transparent-header-meta":"default","adv-header-id-meta":"","stick-header-meta":"","header-above-stick-meta":"","header-main-stick-meta":"","header-below-stick-meta":"","astra-migrate-meta-layouts":"set","ast-page-background-enabled":"default","ast-page-background-meta":{"desktop":{"background-color":"var(--ast-global-color-4)","background-image":"","background-repeat":"repeat","background-position":"center center","background-size":"auto","background-attachment":"scroll","background-type":"","background-media":"","overlay-type":"","overlay-color":"","overlay-opacity":"","overlay-gradient":""},"tablet":{"background-color":"","background-image":"","background-repeat":"repeat","background-position":"center center","background-size":"auto","background-attachment":"scroll","background-type":"","background-media":"","overlay-type":"","overlay-color":"","overlay-opacity":"","overlay-gradient":""},"mobile":{"background-color":"","background-image":"","background-repeat":"repeat","background-position":"center center","background-size":"auto","background-attachment":"scroll","background-type":"","background-media":"","overlay-type":"","overlay-color":"","overlay-opacity":"","overlay-gradient":""}},"ast-content-background-meta":{"desktop":{"background-color":"var(--ast-global-color-5)","background-image":"","background-repeat":"repeat","background-position":"center center","background-size":"auto","background-attachment":"scroll","background-type":"","background-media":"","overlay-type":"","overlay-color":"","overlay-opacity":"","overlay-gradient":""},"tablet":{"background-color":"var(--ast-global-color-5)","background-image":"","background-repeat":"repeat","background-position":"center center","background-size":"auto","background-attachment":"scroll","background-type":"","background-media":"","overlay-type":"","overlay-color":"","overlay-opacity":"","overlay-gradient":""},"mobile":{"background-color":"var(--ast-global-color-5)","background-image":"","background-repeat":"repeat","background-position":"center center","background-size":"auto","background-attachment":"scroll","background-type":"","background-media":"","overlay-type":"","overlay-color":"","overlay-opacity":"","overlay-gradient":""}}},"product_brand":[],"product_cat":[20],"product_tag":[],"class_list":{"0":"post-4476","1":"product","2":"type-product","3":"status-publish","4":"has-post-thumbnail","6":"product_cat-interieur","7":"desktop-align-left","8":"tablet-align-left","9":"mobile-align-left","11":"first","12":"instock","13":"taxable","14":"shipping-taxable","15":"purchasable","16":"product-type-simple"},"uagb_featured_image_src":{"full":["https:\/\/cporee.art\/wp-content\/uploads\/2026\/03\/La-danse-du-voile-92-cm-x-60-cm-1-2-scaled-e1775197003977.jpg",1667,1668,false],"thumbnail":["https:\/\/cporee.art\/wp-content\/uploads\/2026\/03\/La-danse-du-voile-92-cm-x-60-cm-1-2-scaled-e1775197003977-150x150.jpg",150,150,true],"medium":["https:\/\/cporee.art\/wp-content\/uploads\/2026\/03\/La-danse-du-voile-92-cm-x-60-cm-1-2-scaled-e1775197003977-300x300.jpg",300,300,true],"medium_large":["https:\/\/cporee.art\/wp-content\/uploads\/2026\/03\/La-danse-du-voile-92-cm-x-60-cm-1-2-scaled-e1775197003977-768x768.jpg",768,768,true],"large":["https:\/\/cporee.art\/wp-content\/uploads\/2026\/03\/La-danse-du-voile-92-cm-x-60-cm-1-2-scaled-e1775197003977-1024x1024.jpg",1024,1024,true],"1536x1536":["https:\/\/cporee.art\/wp-content\/uploads\/2026\/03\/La-danse-du-voile-92-cm-x-60-cm-1-2-scaled-e1775197003977-1536x1536.jpg",1536,1536,true],"2048x2048":["https:\/\/cporee.art\/wp-content\/uploads\/2026\/03\/La-danse-du-voile-92-cm-x-60-cm-1-2-1333x2048.jpg",1333,2048,true],"woocommerce_thumbnail":["https:\/\/cporee.art\/wp-content\/uploads\/2026\/03\/La-danse-du-voile-92-cm-x-60-cm-1-2-scaled-e1775197003977-300x300.jpg",300,300,true],"woocommerce_single":["https:\/\/cporee.art\/wp-content\/uploads\/2026\/03\/La-danse-du-voile-92-cm-x-60-cm-1-2-scaled-e1775197003977-600x600.jpg",600,600,true],"woocommerce_gallery_thumbnail":["https:\/\/cporee.art\/wp-content\/uploads\/2026\/03\/La-danse-du-voile-92-cm-x-60-cm-1-2-scaled-e1775197003977-100x100.jpg",100,100,true]},"uagb_author_info":{"display_name":"Catherine Por\u00e9e","author_link":"https:\/\/cporee.art\/?author=0"},"uagb_comment_info":0,"uagb_excerpt":"Prix de la ville de Chateaubriant 2026 Prix du public Salon de peinture de Thorign\u00e9-Fouillard 2025 Huile sur toile de lin 92 cm x 60 cm Disponible \u00e0 la vente Encadrement caisse am\u00e9ricaine","_links":{"self":[{"href":"https:\/\/cporee.art\/index.php?rest_route=\/wp\/v2\/product\/4476","targetHints":{"allow":["GET"]}}],"collection":[{"href":"https:\/\/cporee.art\/index.php?rest_route=\/wp\/v2\/product"}],"about":[{"href":"https:\/\/cporee.art\/index.php?rest_route=\/wp\/v2\/types\/product"}],"replies":[{"embeddable":true,"href":"https:\/\/cporee.art\/index.php?rest_route=%2Fwp%2Fv2%2Fcomments&post=4476"}],"wp:featuredmedia":[{"embeddable":true,"href":"https:\/\/cporee.art\/index.php?rest_route=\/wp\/v2\/media\/4456"}],"wp:attachment":[{"href":"https:\/\/cporee.art\/index.php?rest_route=%2Fwp%2Fv2%2Fmedia&parent=4476"}],"wp:term":[{"taxonomy":"product_brand","embeddable":true,"href":"https:\/\/cporee.art\/index.php?rest_route=%2Fwp%2Fv2%2Fproduct_brand&post=4476"},{"taxonomy":"product_cat","embeddable":true,"href":"https:\/\/cporee.art\/index.php?rest_route=%2Fwp%2Fv2%2Fproduct_cat&post=4476"},{"taxonomy":"product_tag","embeddable":true,"href":"https:\/\/cporee.art\/index.php?rest_route=%2Fwp%2Fv2%2Fproduct_tag&post=4476"}],"curies":[{"name":"wp","href":"https:\/\/api.w.org\/{rel}","templated":true}]}}